{"id":35,"date":"2015-07-12T23:03:51","date_gmt":"2015-07-12T23:03:51","guid":{"rendered":"http:\/\/haideralicontracting.com\/?page_id=35"},"modified":"2015-07-26T22:01:29","modified_gmt":"2015-07-26T22:01:29","slug":"qui-sommes-nous","status":"publish","type":"page","link":"https:\/\/www.haideralicontracting.com\/?page_id=35","title":{"rendered":"Qui sommes-nous ?"},"content":{"rendered":"<p><strong>Qui sommes-nous ?<\/strong><\/p>\n<p><strong>L\u2019Entreprise Haider Ali Contracting est une EURL relevant et op\u00e9rant dans les diff\u00e9rents\u00a0\u00a0secteurs\u00a0:<\/strong><\/p>\n<p>&#8211;\u00a0\u00a0\u00a0\u00a0\u00a0\u00a0\u00a0Transport<\/p>\n<p>&#8211;\u00a0\u00a0\u00a0\u00a0\u00a0\u00a0\u00a0Manutention<\/p>\n<p>&#8211;\u00a0\u00a0\u00a0\u00a0\u00a0\u00a0\u00a0Transport par porte chars<\/p>\n<p>&#8211;\u00a0\u00a0\u00a0\u00a0\u00a0\u00a0\u00a0Bitumages<\/p>\n<p>&#8211;\u00a0\u00a0\u00a0\u00a0\u00a0\u00a0\u00a0Construction et b\u00e2timents<\/p>\n<p>&#8211;\u00a0\u00a0\u00a0\u00a0\u00a0\u00a0\u00a0Travaux Publics et A\u00e9rodromes<\/p>\n<p>&#8211;\u00a0\u00a0\u00a0\u00a0\u00a0\u00a0\u00a0Transport carburants<\/p>\n<p>Install\u00e9e \u00e0 MEKHADMA OUARGLA avec une Annexe sise \u00e0 Hassi Messaoud<\/p>\n","protected":false},"excerpt":{"rendered":"<p>Qui sommes-nous ? L\u2019Entreprise Haider Ali Contracting est une EURL relevant et op\u00e9rant dans les diff\u00e9rents\u00a0\u00a0secteurs\u00a0: &#8211;\u00a0\u00a0\u00a0\u00a0\u00a0\u00a0\u00a0Transport &#8211;\u00a0\u00a0\u00a0\u00a0\u00a0\u00a0\u00a0Manutention &#8211;\u00a0\u00a0\u00a0\u00a0\u00a0\u00a0\u00a0Transport par porte chars &#8211;\u00a0\u00a0\u00a0\u00a0\u00a0\u00a0\u00a0Bitumages &#8211;\u00a0\u00a0\u00a0\u00a0\u00a0\u00a0\u00a0Construction et b\u00e2timents &#8211;\u00a0\u00a0\u00a0\u00a0\u00a0\u00a0\u00a0Travaux Publics et A\u00e9rodromes &#8211;\u00a0\u00a0\u00a0\u00a0\u00a0\u00a0\u00a0Transport carburants Install\u00e9e \u00e0 MEKHADMA OUARGLA avec une Annexe sise \u00e0 Hassi Messaoud<\/p>\n","protected":false},"author":1,"featured_media":0,"parent":0,"menu_order":0,"comment_status":"closed","ping_status":"closed","template":"","meta":{"footnotes":""},"class_list":["post-35","page","type-page","status-publish"],"_links":{"self":[{"href":"https:\/\/www.haideralicontracting.com\/index.php?rest_route=\/wp\/v2\/pages\/35","targetHints":{"allow":["GET"]}}],"collection":[{"href":"https:\/\/www.haideralicontracting.com\/index.php?rest_route=\/wp\/v2\/pages"}],"about":[{"href":"https:\/\/www.haideralicontracting.com\/index.php?rest_route=\/wp\/v2\/types\/page"}],"author":[{"embeddable":true,"href":"https:\/\/www.haideralicontracting.com\/index.php?rest_route=\/wp\/v2\/users\/1"}],"replies":[{"embeddable":true,"href":"https:\/\/www.haideralicontracting.com\/index.php?rest_route=%2Fwp%2Fv2%2Fcomments&post=35"}],"version-history":[{"count":2,"href":"https:\/\/www.haideralicontracting.com\/index.php?rest_route=\/wp\/v2\/pages\/35\/revisions"}],"predecessor-version":[{"id":233,"href":"https:\/\/www.haideralicontracting.com\/index.php?rest_route=\/wp\/v2\/pages\/35\/revisions\/233"}],"wp:attachment":[{"href":"https:\/\/www.haideralicontracting.com\/index.php?rest_route=%2Fwp%2Fv2%2Fmedia&parent=35"}],"curies":[{"name":"wp","href":"https:\/\/api.w.org\/{rel}","templated":true}]}}