{"id":37,"date":"2015-07-12T23:04:22","date_gmt":"2015-07-12T23:04:22","guid":{"rendered":"http:\/\/haideralicontracting.com\/?page_id=37"},"modified":"2015-07-26T22:03:59","modified_gmt":"2015-07-26T22:03:59","slug":"organisation","status":"publish","type":"page","link":"https:\/\/www.haideralicontracting.com\/?page_id=37","title":{"rendered":"Organisation"},"content":{"rendered":"<p><strong>Organisation<\/strong><\/p>\n<p><strong><em>Pour r\u00e9pondre \u00e0 tous nos besoins, notre entreprise s\u2019est donn\u00e9e une grande importance pour instaurer une organisation rationnelle et solide qui r\u00e9pond imp\u00e9rativement \u00e0 toutes les dol\u00e9ances de notre client\u00e8le et pr\u00e9server \u00e9ventuellement l\u2019int\u00e9r\u00eat de l\u2019entreprise.<\/em><\/strong><\/p>\n<p><strong><em>\u00a0<\/em><\/strong><\/p>\n<p><strong><em><u>Le Sch\u00e9ma organisationnel de l\u2019entreprise <\/u><\/em><\/strong><\/p>\n<p><strong>L\u2019entreprise est structur\u00e9e de la mani\u00e8re suivante :<\/strong><\/p>\n<table>\n<tbody>\n<tr>\n<td width=\"360\"><strong>Directeur<\/strong><\/td>\n<\/tr>\n<\/tbody>\n<\/table>\n<p><strong>\u00a0<\/strong><\/p>\n<table>\n<tbody>\n<tr>\n<td width=\"168\"><strong>Assistant\u00a0 HSE<\/strong><\/td>\n<td width=\"192\"><strong>Assistant Technique<\/strong><\/td>\n<\/tr>\n<\/tbody>\n<\/table>\n<p><strong>\u00a0<\/strong><\/p>\n<table>\n<tbody>\n<tr>\n<td width=\"144\"><strong>Service <\/strong><strong>Finance<\/strong><\/td>\n<td width=\"144\"><strong>Service <\/strong><strong>Maintenance<\/strong><strong>Transport<\/strong><\/td>\n<td width=\"144\"><strong>Service <\/strong><strong>Commercial<\/strong><\/td>\n<td width=\"144\"><strong>Service <\/strong><strong>Personnel<\/strong><\/td>\n<\/tr>\n<\/tbody>\n<\/table>\n<p>&nbsp;<\/p>\n<table>\n<tbody>\n<tr>\n<td width=\"144\"><strong>Section <\/strong><strong>Comptabilit\u00e9<\/strong><\/td>\n<td width=\"144\"><strong>Section <\/strong><strong>Transport<\/strong><\/td>\n<td width=\"144\"><strong>Section <\/strong><strong>Achat\/Appro<\/strong><\/td>\n<td width=\"144\"><strong>Section<\/strong><strong>\u00a0Personnel<\/strong><\/td>\n<\/tr>\n<\/tbody>\n<\/table>\n<p>&nbsp;<\/p>\n<table width=\"600\">\n<tbody>\n<tr>\n<td width=\"144\"><strong>Section <\/strong><strong>Patrimoine<\/strong><\/td>\n<td width=\"192\"><strong>Section<\/strong><strong>\u00a0Maintenance<\/strong><\/td>\n<td width=\"132\"><strong>Section <\/strong><strong>Gestion Stocks<\/strong><\/td>\n<td width=\"132\"><strong>Section <\/strong><strong>Moyens\/<\/strong><strong>G\u00e9n\u00e9raux<\/strong><\/td>\n<\/tr>\n<\/tbody>\n<\/table>\n<p>&nbsp;<\/p>\n<table>\n<tbody>\n<tr>\n<td width=\"150\"><strong>Section <\/strong><strong>Fiscalit\u00e9<\/strong><\/td>\n<td width=\"193\"><strong>Magasin PDR<\/strong><\/td>\n<td width=\"125\"><strong>Section <\/strong><strong>Facturation<\/strong><\/td>\n<td width=\"120\"><strong>Section<\/strong><strong> Sociale<\/strong><\/td>\n<\/tr>\n<\/tbody>\n<\/table>\n<p>&nbsp;<\/p>\n<table width=\"343\">\n<tbody>\n<tr>\n<td width=\"150\"><strong>Section Tr\u00e9sorerie<\/strong><\/td>\n<td width=\"187\"><strong>Ateliers de R\u00e9novation:<\/strong><\/td>\n<\/tr>\n<\/tbody>\n<\/table>\n<p>&#8211;\u00a0\u00a0\u00a0\u00a0\u00a0\u00a0\u00a0 <strong>\u00e9lectricit\u00e9<\/strong><\/p>\n<p>&#8211;\u00a0\u00a0\u00a0\u00a0\u00a0\u00a0\u00a0 <strong>m\u00e9canique<\/strong><\/p>\n<p>&#8211;\u00a0\u00a0\u00a0\u00a0\u00a0\u00a0\u00a0 <strong>T\u00f4lerie<\/strong><\/p>\n<p>&#8211;<strong>\u00a0\u00a0\u00a0\u00a0\u00a0\u00a0\u00a0 Intendance<\/strong><\/p>\n","protected":false},"excerpt":{"rendered":"<p>Organisation Pour r\u00e9pondre \u00e0 tous nos besoins, notre entreprise s\u2019est donn\u00e9e une grande importance pour instaurer une organisation rationnelle et solide qui r\u00e9pond imp\u00e9rativement \u00e0 toutes les dol\u00e9ances de notre client\u00e8le et pr\u00e9server \u00e9ventuellement l\u2019int\u00e9r\u00eat de l\u2019entreprise. \u00a0 Le Sch\u00e9ma organisationnel de l\u2019entreprise L\u2019entreprise est structur\u00e9e de la mani\u00e8re suivante : Directeur \u00a0 Assistant\u00a0 HSE &#8230; <a title=\"Organisation\" class=\"read-more\" href=\"https:\/\/www.haideralicontracting.com\/?page_id=37\" aria-label=\"En savoir plus sur Organisation\">Lire la suite<\/a><\/p>\n","protected":false},"author":1,"featured_media":0,"parent":0,"menu_order":0,"comment_status":"closed","ping_status":"closed","template":"","meta":{"footnotes":""},"class_list":["post-37","page","type-page","status-publish"],"_links":{"self":[{"href":"https:\/\/www.haideralicontracting.com\/index.php?rest_route=\/wp\/v2\/pages\/37","targetHints":{"allow":["GET"]}}],"collection":[{"href":"https:\/\/www.haideralicontracting.com\/index.php?rest_route=\/wp\/v2\/pages"}],"about":[{"href":"https:\/\/www.haideralicontracting.com\/index.php?rest_route=\/wp\/v2\/types\/page"}],"author":[{"embeddable":true,"href":"https:\/\/www.haideralicontracting.com\/index.php?rest_route=\/wp\/v2\/users\/1"}],"replies":[{"embeddable":true,"href":"https:\/\/www.haideralicontracting.com\/index.php?rest_route=%2Fwp%2Fv2%2Fcomments&post=37"}],"version-history":[{"count":5,"href":"https:\/\/www.haideralicontracting.com\/index.php?rest_route=\/wp\/v2\/pages\/37\/revisions"}],"predecessor-version":[{"id":236,"href":"https:\/\/www.haideralicontracting.com\/index.php?rest_route=\/wp\/v2\/pages\/37\/revisions\/236"}],"wp:attachment":[{"href":"https:\/\/www.haideralicontracting.com\/index.php?rest_route=%2Fwp%2Fv2%2Fmedia&parent=37"}],"curies":[{"name":"wp","href":"https:\/\/api.w.org\/{rel}","templated":true}]}}