{"id":40,"date":"2015-07-12T23:05:08","date_gmt":"2015-07-12T23:05:08","guid":{"rendered":"http:\/\/haideralicontracting.com\/?page_id=40"},"modified":"2015-07-26T22:00:43","modified_gmt":"2015-07-26T22:00:43","slug":"notre-politique-qualite","status":"publish","type":"page","link":"https:\/\/www.haideralicontracting.com\/?page_id=40","title":{"rendered":"Notre politique qualit\u00e9"},"content":{"rendered":"<p><strong>Notre politique qualit\u00e9<\/strong><\/p>\n<p>Notre politique dans ce domaine est :<\/p>\n<p>&#8211;\u00a0\u00a0\u00a0\u00a0\u00a0\u00a0\u00a0\u00a0\u00a0 La satisfaction de nos clients en am\u00e9liorant la comp\u00e9tence et l\u2019efficacit\u00e9 de nos travailleurs et en renouvelant nos mat\u00e9riels<\/p>\n<p>&#8211;\u00a0\u00a0\u00a0\u00a0\u00a0\u00a0\u00a0\u00a0\u00a0 Le respect des exigences clients,\u00a0 exigences l\u00e9gales et r\u00e8glementaires<\/p>\n<p>&#8211;\u00a0\u00a0\u00a0\u00a0\u00a0\u00a0\u00a0\u00a0\u00a0 L\u2019am\u00e9lioration des conditions de travail\u00a0 et de la qualit\u00e9 de vie dans la base<\/p>\n<p>&#8211;\u00a0\u00a0\u00a0\u00a0\u00a0\u00a0\u00a0\u00a0\u00a0 Le d\u00e9veloppement de l\u2019efficacit\u00e9 et la performance HSE en chiffrant des objectifs \u00e0 atteindre pour am\u00e9liorer l\u2019hygi\u00e8ne, d&rsquo;\u00e9viter les accidents, prot\u00e9ger l\u2019environnement avec une utilisation rationnelle de l\u2019\u00e9nergie et ainsi \u00e9viter le gaspillage\u00a0 tout en\u00a0 r\u00e9duisant le cout de production.<\/p>\n<p>&#8211;\u00a0\u00a0\u00a0\u00a0\u00a0\u00a0\u00a0\u00a0\u00a0 Mise en place d\u2019un syst\u00e8me de gestion efficace\u00a0 pour une meilleure maitrise des proc\u00e9dures et des processus<\/p>\n<p>&#8211;\u00a0\u00a0\u00a0\u00a0\u00a0\u00a0\u00a0\u00a0\u00a0 Renforcer la sensibilisation et le contr\u00f4le de la performance des processus.<\/p>\n<p>&#8211;\u00a0\u00a0\u00a0\u00a0\u00a0\u00a0\u00a0\u00a0\u00a0 Nous nous engageons pleinement \u00e0 fournir tous les moyens n\u00e9cessaires \u00e0 la mise en \u0153uvre de cette politique QHSE et nous exigeons de tous nos collaborateurs de s\u2019engager \u00e0 nos cot\u00e9s en appliquant notre politique de QHSE ou autres directives\u00a0 pour atteindre nos objectifs, aussi nous nous engageons \u00e0 nous conformer aux normes et am\u00e9liorer continuellement l\u2019efficacit\u00e9 du syst\u00e8me.<\/p>\n","protected":false},"excerpt":{"rendered":"<p>Notre politique qualit\u00e9 Notre politique dans ce domaine est : &#8211;\u00a0\u00a0\u00a0\u00a0\u00a0\u00a0\u00a0\u00a0\u00a0 La satisfaction de nos clients en am\u00e9liorant la comp\u00e9tence et l\u2019efficacit\u00e9 de nos travailleurs et en renouvelant nos mat\u00e9riels &#8211;\u00a0\u00a0\u00a0\u00a0\u00a0\u00a0\u00a0\u00a0\u00a0 Le respect des exigences clients,\u00a0 exigences l\u00e9gales et r\u00e8glementaires &#8211;\u00a0\u00a0\u00a0\u00a0\u00a0\u00a0\u00a0\u00a0\u00a0 L\u2019am\u00e9lioration des conditions de travail\u00a0 et de la qualit\u00e9 de vie dans la base &#8230; <a title=\"Notre politique qualit\u00e9\" class=\"read-more\" href=\"https:\/\/www.haideralicontracting.com\/?page_id=40\" aria-label=\"En savoir plus sur Notre politique qualit\u00e9\">Lire la suite<\/a><\/p>\n","protected":false},"author":1,"featured_media":0,"parent":0,"menu_order":0,"comment_status":"closed","ping_status":"closed","template":"","meta":{"footnotes":""},"class_list":["post-40","page","type-page","status-publish"],"_links":{"self":[{"href":"https:\/\/www.haideralicontracting.com\/index.php?rest_route=\/wp\/v2\/pages\/40","targetHints":{"allow":["GET"]}}],"collection":[{"href":"https:\/\/www.haideralicontracting.com\/index.php?rest_route=\/wp\/v2\/pages"}],"about":[{"href":"https:\/\/www.haideralicontracting.com\/index.php?rest_route=\/wp\/v2\/types\/page"}],"author":[{"embeddable":true,"href":"https:\/\/www.haideralicontracting.com\/index.php?rest_route=\/wp\/v2\/users\/1"}],"replies":[{"embeddable":true,"href":"https:\/\/www.haideralicontracting.com\/index.php?rest_route=%2Fwp%2Fv2%2Fcomments&post=40"}],"version-history":[{"count":4,"href":"https:\/\/www.haideralicontracting.com\/index.php?rest_route=\/wp\/v2\/pages\/40\/revisions"}],"predecessor-version":[{"id":232,"href":"https:\/\/www.haideralicontracting.com\/index.php?rest_route=\/wp\/v2\/pages\/40\/revisions\/232"}],"wp:attachment":[{"href":"https:\/\/www.haideralicontracting.com\/index.php?rest_route=%2Fwp%2Fv2%2Fmedia&parent=40"}],"curies":[{"name":"wp","href":"https:\/\/api.w.org\/{rel}","templated":true}]}}