{"id":51,"date":"2015-07-12T23:12:16","date_gmt":"2015-07-12T23:12:16","guid":{"rendered":"http:\/\/haideralicontracting.com\/?page_id=51"},"modified":"2015-07-26T22:12:22","modified_gmt":"2015-07-26T22:12:22","slug":"nos-references","status":"publish","type":"page","link":"https:\/\/www.haideralicontracting.com\/?page_id=51","title":{"rendered":"Nos r\u00e9f\u00e9rences"},"content":{"rendered":"<h1>Nos r\u00e9f\u00e9rences<\/h1>\n<p><strong><em>Nous comptons beaucoup de clients parmi des entreprises et particuliers qui\u00a0 op\u00e8rent g\u00e9n\u00e9ralement dans le domaine de l\u2019\u00e9nergie et des travaux publics.<\/em><\/strong><\/p>\n<p><strong><em>La flexibilit\u00e9 de notre approche et la prise en charge des exigences essentielles relatives \u00e0 la s\u00e9curit\u00e9,\u00a0 l\u2019environnement et la qualit\u00e9 fait de nous un partenaire sur et de qualit\u00e9.<\/em><\/strong><\/p>\n<p><strong><em>\u00a0Nous n\u2019avons pas h\u00e9sit\u00e9 \u00e0 faire progresser la qualit\u00e9 de nos services\u00a0 pour r\u00e9pondre\u00a0 aux normes dans le but d\u2019\u00eatre performant en se montrant intransigeants sur la qualit\u00e9 des travaux \u00e0 r\u00e9aliser.<\/em><\/strong><\/p>\n<p><strong><em>\u00a0Nos clients:<\/em><\/strong><\/p>\n<p>&#8211;\u00a0\u00a0\u00a0\u00a0\u00a0\u00a0\u00a0\u00a0 <strong><em>SNTP Ouargla<\/em><\/strong><\/p>\n<p>&#8211;\u00a0\u00a0\u00a0\u00a0\u00a0\u00a0\u00a0\u00a0 <strong><em>LPG Lead Haoud el Hamra<\/em><\/strong><\/p>\n<p>&#8211;\u00a0\u00a0\u00a0\u00a0\u00a0\u00a0\u00a0\u00a0 <strong><em>LEAD UTBS HMD<\/em><\/strong><\/p>\n<p>&#8211;\u00a0\u00a0\u00a0\u00a0\u00a0\u00a0\u00a0\u00a0 <strong><em>PETROFAC In Salah<\/em><\/strong><\/p>\n<p>&#8211;\u00a0\u00a0\u00a0\u00a0\u00a0\u00a0\u00a0\u00a0 <strong><em>LEAD ARZEW<\/em><\/strong><\/p>\n<p>&#8211;\u00a0\u00a0\u00a0\u00a0\u00a0\u00a0\u00a0\u00a0 <strong><em>LEAD SKIKDA<\/em><\/strong><\/p>\n<p>&#8211;\u00a0\u00a0\u00a0\u00a0\u00a0\u00a0\u00a0\u00a0 <strong><em>SARL SATRECH BENBRAHIM<\/em><\/strong><\/p>\n<p>&#8211;\u00a0\u00a0\u00a0\u00a0\u00a0\u00a0\u00a0\u00a0 <strong><em>SARL MBC<\/em><\/strong><\/p>\n<p>&#8211;\u00a0\u00a0\u00a0\u00a0\u00a0\u00a0\u00a0\u00a0 <strong><em>SARL MMS<\/em><\/strong><\/p>\n<p>&#8211;\u00a0\u00a0\u00a0\u00a0\u00a0\u00a0\u00a0\u00a0 <strong><em>SARL AFIFI<\/em><\/strong><\/p>\n<p>&#8211;\u00a0\u00a0\u00a0\u00a0\u00a0\u00a0\u00a0\u00a0 <strong><em>SARL TRANSBAOUCHI<\/em><\/strong><\/p>\n","protected":false},"excerpt":{"rendered":"<p>Nos r\u00e9f\u00e9rences Nous comptons beaucoup de clients parmi des entreprises et particuliers qui\u00a0 op\u00e8rent g\u00e9n\u00e9ralement dans le domaine de l\u2019\u00e9nergie et des travaux publics. La flexibilit\u00e9 de notre approche et la prise en charge des exigences essentielles relatives \u00e0 la s\u00e9curit\u00e9,\u00a0 l\u2019environnement et la qualit\u00e9 fait de nous un partenaire sur et de qualit\u00e9. \u00a0Nous &#8230; <a title=\"Nos r\u00e9f\u00e9rences\" class=\"read-more\" href=\"https:\/\/www.haideralicontracting.com\/?page_id=51\" aria-label=\"En savoir plus sur Nos r\u00e9f\u00e9rences\">Lire la suite<\/a><\/p>\n","protected":false},"author":1,"featured_media":0,"parent":0,"menu_order":0,"comment_status":"closed","ping_status":"closed","template":"","meta":{"footnotes":""},"class_list":["post-51","page","type-page","status-publish"],"_links":{"self":[{"href":"https:\/\/www.haideralicontracting.com\/index.php?rest_route=\/wp\/v2\/pages\/51","targetHints":{"allow":["GET"]}}],"collection":[{"href":"https:\/\/www.haideralicontracting.com\/index.php?rest_route=\/wp\/v2\/pages"}],"about":[{"href":"https:\/\/www.haideralicontracting.com\/index.php?rest_route=\/wp\/v2\/types\/page"}],"author":[{"embeddable":true,"href":"https:\/\/www.haideralicontracting.com\/index.php?rest_route=\/wp\/v2\/users\/1"}],"replies":[{"embeddable":true,"href":"https:\/\/www.haideralicontracting.com\/index.php?rest_route=%2Fwp%2Fv2%2Fcomments&post=51"}],"version-history":[{"count":3,"href":"https:\/\/www.haideralicontracting.com\/index.php?rest_route=\/wp\/v2\/pages\/51\/revisions"}],"predecessor-version":[{"id":241,"href":"https:\/\/www.haideralicontracting.com\/index.php?rest_route=\/wp\/v2\/pages\/51\/revisions\/241"}],"wp:attachment":[{"href":"https:\/\/www.haideralicontracting.com\/index.php?rest_route=%2Fwp%2Fv2%2Fmedia&parent=51"}],"curies":[{"name":"wp","href":"https:\/\/api.w.org\/{rel}","templated":true}]}}