{"id":54,"date":"2015-07-12T23:12:54","date_gmt":"2015-07-12T23:12:54","guid":{"rendered":"http:\/\/haideralicontracting.com\/?page_id=54"},"modified":"2018-04-18T21:08:01","modified_gmt":"2018-04-18T21:08:01","slug":"nos-partenaires","status":"publish","type":"page","link":"https:\/\/www.haideralicontracting.com\/?page_id=54","title":{"rendered":"Nos partenaires"},"content":{"rendered":"<p><strong>Nos partenaires<\/strong><\/p>\n<p>Le d\u00e9veloppement rapide de l\u2019\u00e9conomie du pays et l\u2019ouverture du march\u00e9 nous a permis d\u2019acqu\u00e9rir une exp\u00e9rience strat\u00e9gique qui exige en permanence un redoublement d\u2019efforts en offrant chaque jour une nouvelle et meilleure satisfaction.<\/p>\n<p>Conscient de ce d\u00e9fi inscrit au sommet de nos objectifs, notre entreprise s\u2019est engag\u00e9e dans une modernisation par l\u2019acquisition d\u2019un nouveau mat\u00e9riel.<\/p>\n<p>C\u2019est ainsi qu\u2019une convention de partenariat \u00e0 \u00e9t\u00e9 sign\u00e9e avec une entreprise Espagnole de grande envergure qui r\u00e9pond \u00e0 d\u2019autres d\u00e9fis de fa\u00e7on \u00e0 \u00eatre compl\u00e9mentaire dans le but d&rsquo;une strat\u00e9gie commune.<\/p>\n<p>Le partenariat a \u00e9t\u00e9 constitu\u00e9 d\u2019un groupe appel\u00e9:<\/p>\n<p><strong>Groupe <\/strong>: <strong>Lopez Haider Ali.<\/strong><\/p>\n<p>Le Groupe est ax\u00e9 sur la r\u00e9alisation de services dans\u00a0les domaines suivants:<\/p>\n<p>&#8211;\u00a0\u00a0\u00a0\u00a0\u00a0\u00a0\u00a0\u00a0 La construction B\u00e2timent<\/p>\n<p>&#8211;\u00a0\u00a0\u00a0\u00a0\u00a0\u00a0\u00a0\u00a0 La charpente m\u00e9tallique<\/p>\n<p>&#8211;\u00a0\u00a0\u00a0\u00a0\u00a0\u00a0\u00a0\u00a0 Le Goudronnage des routes et A\u00e9rodromes<\/p>\n<p>&#8211;\u00a0\u00a0\u00a0\u00a0\u00a0\u00a0\u00a0\u00a0 La soudure homologu\u00e9e<\/p>\n<p>&#8211;\u00a0\u00a0\u00a0\u00a0\u00a0\u00a0\u00a0\u00a0 Les grands travaux hydrauliques<\/p>\n<table class=\" aligncenter\" style=\"width: 757px; height: 261px;\">\n<tbody>\n<tr>\n<td><img loading=\"lazy\" decoding=\"async\" class=\"aligncenter wp-image-335\" src=\"http:\/\/haideralicontracting.com\/wp-content\/uploads\/2015\/08\/Sonatrach.logo_-e1439674173637.png\" alt=\"\" width=\"65\" height=\"79\" \/><\/td>\n<td><img loading=\"lazy\" decoding=\"async\" class=\"aligncenter wp-image-340 size-full\" src=\"http:\/\/haideralicontracting.com\/wp-content\/uploads\/2015\/08\/lead-logo.png\" alt=\"\" width=\"60\" height=\"60\" \/><\/td>\n<td><img loading=\"lazy\" decoding=\"async\" class=\"aligncenter wp-image-416 size-full\" src=\"http:\/\/haideralicontracting.com\/wp-content\/uploads\/2015\/08\/images.png\" alt=\"\" width=\"153\" height=\"62\" srcset=\"https:\/\/www.haideralicontracting.com\/wp-content\/uploads\/2015\/08\/images.png 153w, https:\/\/www.haideralicontracting.com\/wp-content\/uploads\/2015\/08\/images-150x62.png 150w\" sizes=\"auto, (max-width: 153px) 100vw, 153px\" \/><\/td>\n<td><img loading=\"lazy\" decoding=\"async\" class=\"wp-image-337 aligncenter\" src=\"http:\/\/haideralicontracting.com\/wp-content\/uploads\/2015\/08\/saipem-spa-logo-300x104.png\" alt=\"saipem-spa-logo\" width=\"235\" height=\"81\" srcset=\"https:\/\/www.haideralicontracting.com\/wp-content\/uploads\/2015\/08\/saipem-spa-logo-300x104.png 300w, https:\/\/www.haideralicontracting.com\/wp-content\/uploads\/2015\/08\/saipem-spa-logo.png 1000w\" sizes=\"auto, (max-width: 235px) 100vw, 235px\" \/><\/td>\n<td><img loading=\"lazy\" decoding=\"async\" class=\"aligncenter wp-image-341\" src=\"http:\/\/haideralicontracting.com\/wp-content\/uploads\/2015\/08\/schlumberger.gif\" alt=\"\" width=\"162\" height=\"75\" \/><\/td>\n<\/tr>\n<tr>\n<td><img loading=\"lazy\" decoding=\"async\" class=\"aligncenter wp-image-333 size-full\" src=\"http:\/\/haideralicontracting.com\/wp-content\/uploads\/2015\/08\/GCB.gif\" alt=\"\" width=\"50\" height=\"71\" \/><\/td>\n<td><img loading=\"lazy\" decoding=\"async\" class=\"aligncenter wp-image-345\" style=\"text-align: center;\" src=\"http:\/\/haideralicontracting.com\/wp-content\/uploads\/2015\/08\/Logo-SNTP.jpg\" alt=\"\" width=\"80\" height=\"80\" \/><\/td>\n<td><img loading=\"lazy\" decoding=\"async\" class=\"aligncenter wp-image-361\" src=\"http:\/\/haideralicontracting.com\/wp-content\/uploads\/2015\/08\/4178.jpg\" alt=\"\" width=\"90\" height=\"73\" \/><\/td>\n<td><img loading=\"lazy\" decoding=\"async\" class=\"aligncenter wp-image-347\" src=\"http:\/\/haideralicontracting.com\/wp-content\/uploads\/2015\/08\/Petrofac-300x83.png\" alt=\"\" width=\"190\" height=\"52\" srcset=\"https:\/\/www.haideralicontracting.com\/wp-content\/uploads\/2015\/08\/Petrofac-300x83.png 300w, https:\/\/www.haideralicontracting.com\/wp-content\/uploads\/2015\/08\/Petrofac.png 1024w\" sizes=\"auto, (max-width: 190px) 100vw, 190px\" \/><\/td>\n<td><\/td>\n<\/tr>\n<\/tbody>\n<\/table>\n","protected":false},"excerpt":{"rendered":"<p>Nos partenaires Le d\u00e9veloppement rapide de l\u2019\u00e9conomie du pays et l\u2019ouverture du march\u00e9 nous a permis d\u2019acqu\u00e9rir une exp\u00e9rience strat\u00e9gique qui exige en permanence un redoublement d\u2019efforts en offrant chaque jour une nouvelle et meilleure satisfaction. Conscient de ce d\u00e9fi inscrit au sommet de nos objectifs, notre entreprise s\u2019est engag\u00e9e dans une modernisation par l\u2019acquisition &#8230; <a title=\"Nos partenaires\" class=\"read-more\" href=\"https:\/\/www.haideralicontracting.com\/?page_id=54\" aria-label=\"En savoir plus sur Nos partenaires\">Lire la suite<\/a><\/p>\n","protected":false},"author":1,"featured_media":0,"parent":0,"menu_order":0,"comment_status":"closed","ping_status":"closed","template":"","meta":{"footnotes":""},"class_list":["post-54","page","type-page","status-publish"],"_links":{"self":[{"href":"https:\/\/www.haideralicontracting.com\/index.php?rest_route=\/wp\/v2\/pages\/54","targetHints":{"allow":["GET"]}}],"collection":[{"href":"https:\/\/www.haideralicontracting.com\/index.php?rest_route=\/wp\/v2\/pages"}],"about":[{"href":"https:\/\/www.haideralicontracting.com\/index.php?rest_route=\/wp\/v2\/types\/page"}],"author":[{"embeddable":true,"href":"https:\/\/www.haideralicontracting.com\/index.php?rest_route=\/wp\/v2\/users\/1"}],"replies":[{"embeddable":true,"href":"https:\/\/www.haideralicontracting.com\/index.php?rest_route=%2Fwp%2Fv2%2Fcomments&post=54"}],"version-history":[{"count":6,"href":"https:\/\/www.haideralicontracting.com\/index.php?rest_route=\/wp\/v2\/pages\/54\/revisions"}],"predecessor-version":[{"id":469,"href":"https:\/\/www.haideralicontracting.com\/index.php?rest_route=\/wp\/v2\/pages\/54\/revisions\/469"}],"wp:attachment":[{"href":"https:\/\/www.haideralicontracting.com\/index.php?rest_route=%2Fwp%2Fv2%2Fmedia&parent=54"}],"curies":[{"name":"wp","href":"https:\/\/api.w.org\/{rel}","templated":true}]}}